{"id":718,"date":"2023-06-02T13:46:49","date_gmt":"2023-06-02T11:46:49","guid":{"rendered":"https:\/\/parcoursdefemmes.deltaepsilonconsulting.fr\/wordpress\/?page_id=718"},"modified":"2025-07-25T18:05:46","modified_gmt":"2025-07-25T16:05:46","slug":"actualite-centre-social","status":"publish","type":"page","link":"https:\/\/parcoursdefemmes.deltaepsilonconsulting.fr\/wordpress\/index.php\/actualite-centre-social\/","title":{"rendered":"Actualit\u00e9 Centre social"},"content":{"rendered":"\t\t<div data-elementor-type=\"wp-page\" data-elementor-id=\"718\" class=\"elementor elementor-718\">\n\t\t\t\t\t\t<section class=\"elementor-section elementor-top-section elementor-element elementor-element-4bbe145 elementor-section-full_width elementor-section-stretched elementor-hidden-mobile elementor-section-height-default elementor-section-height-default\" data-id=\"4bbe145\" data-element_type=\"section\" data-settings=\"{&quot;stretch_section&quot;:&quot;section-stretched&quot;}\">\n\t\t\t\t\t\t<div class=\"elementor-container elementor-column-gap-no\">\n\t\t\t\t\t<div class=\"elementor-column elementor-col-100 elementor-top-column elementor-element elementor-element-70d5812\" data-id=\"70d5812\" data-element_type=\"column\">\n\t\t\t<div class=\"elementor-widget-wrap elementor-element-populated\">\n\t\t\t\t\t\t<div class=\"elementor-element elementor-element-00e41e7 elementor-bg-transform elementor-bg-transform-zoom-out elementor-cta--skin-cover elementor-animated-content elementor-widget elementor-widget-call-to-action\" data-id=\"00e41e7\" data-element_type=\"widget\" data-widget_type=\"call-to-action.default\">\n\t\t\t\t<div class=\"elementor-widget-container\">\n\t\t\t\t\t\t\t<div class=\"elementor-cta\">\n\t\t\t\t\t<div class=\"elementor-cta__bg-wrapper\">\n\t\t\t\t<div class=\"elementor-cta__bg elementor-bg\" style=\"background-image: url(https:\/\/parcoursdefemmes.deltaepsilonconsulting.fr\/wordpress\/wp-content\/uploads\/2023\/05\/pexels-pixabay-158651-scaled.jpg);\"><\/div>\n\t\t\t\t<div class=\"elementor-cta__bg-overlay\"><\/div>\n\t\t\t<\/div>\n\t\t\t\t\t\t\t<div class=\"elementor-cta__content\">\n\t\t\t\t\n\t\t\t\t<h1 class=\"elementor-cta__title elementor-cta__content-item elementor-content-item elementor-animated-item--grow\">Actualit\u00e9s du Centre social la Fray\u00e8re<\/h1>\n\t\t\t\t\n\t\t\t\t\t\t\t<\/div>\n\t\t\t\t\t\t<\/div>\n\t\t\t\t\t\t<\/div>\n\t\t\t\t<\/div>\n\t\t\t\t\t<\/div>\n\t\t<\/div>\n\t\t\t\t\t<\/div>\n\t\t<\/section>\n\t\t\t\t<section class=\"elementor-section elementor-top-section elementor-element elementor-element-63f0997 elementor-section-full_width elementor-section-stretched elementor-hidden-desktop elementor-section-height-default elementor-section-height-default\" data-id=\"63f0997\" data-element_type=\"section\" data-settings=\"{&quot;stretch_section&quot;:&quot;section-stretched&quot;}\">\n\t\t\t\t\t\t<div class=\"elementor-container elementor-column-gap-no\">\n\t\t\t\t\t<div class=\"elementor-column elementor-col-100 elementor-top-column elementor-element elementor-element-1517caf\" data-id=\"1517caf\" data-element_type=\"column\">\n\t\t\t<div class=\"elementor-widget-wrap elementor-element-populated\">\n\t\t\t\t\t\t<div class=\"elementor-element elementor-element-c219196 elementor-bg-transform elementor-bg-transform-zoom-out elementor-cta--skin-cover elementor-animated-content elementor-widget elementor-widget-call-to-action\" data-id=\"c219196\" data-element_type=\"widget\" data-widget_type=\"call-to-action.default\">\n\t\t\t\t<div class=\"elementor-widget-container\">\n\t\t\t\t\t\t\t<div class=\"elementor-cta\">\n\t\t\t\t\t<div class=\"elementor-cta__bg-wrapper\">\n\t\t\t\t<div class=\"elementor-cta__bg elementor-bg\" style=\"background-image: url(https:\/\/parcoursdefemmes.deltaepsilonconsulting.fr\/wordpress\/wp-content\/uploads\/2023\/05\/pexels-pixabay-158651-scaled.jpg);\"><\/div>\n\t\t\t\t<div class=\"elementor-cta__bg-overlay\"><\/div>\n\t\t\t<\/div>\n\t\t\t\t\t\t\t<div class=\"elementor-cta__content\">\n\t\t\t\t\n\t\t\t\t<h1 class=\"elementor-cta__title elementor-cta__content-item elementor-content-item elementor-animated-item--grow\">Actualit\u00e9s du Centre social la Fray\u00e8re<\/h1>\n\t\t\t\t\n\t\t\t\t\t\t\t<\/div>\n\t\t\t\t\t\t<\/div>\n\t\t\t\t\t\t<\/div>\n\t\t\t\t<\/div>\n\t\t\t\t\t<\/div>\n\t\t<\/div>\n\t\t\t\t\t<\/div>\n\t\t<\/section>\n\t\t\t\t<section class=\"elementor-section elementor-top-section elementor-element elementor-element-1b82728 elementor-section-boxed elementor-section-height-default elementor-section-height-default\" data-id=\"1b82728\" data-element_type=\"section\">\n\t\t\t\t\t\t<div class=\"elementor-container elementor-column-gap-default\">\n\t\t\t\t\t<div class=\"elementor-column elementor-col-100 elementor-top-column elementor-element elementor-element-8b61c1f\" data-id=\"8b61c1f\" data-element_type=\"column\">\n\t\t\t<div class=\"elementor-widget-wrap elementor-element-populated\">\n\t\t\t\t\t\t<div class=\"elementor-element elementor-element-944cf24 elementor-widget elementor-widget-heading\" data-id=\"944cf24\" data-element_type=\"widget\" data-widget_type=\"heading.default\">\n\t\t\t\t<div class=\"elementor-widget-container\">\n\t\t\t\t\t<h2 class=\"elementor-heading-title elementor-size-default\">Offres d'emploi<\/h2>\t\t\t\t<\/div>\n\t\t\t\t<\/div>\n\t\t\t\t\t<\/div>\n\t\t<\/div>\n\t\t\t\t\t<\/div>\n\t\t<\/section>\n\t\t\t\t<section class=\"elementor-section elementor-top-section elementor-element elementor-element-0c27323 elementor-section-boxed elementor-section-height-default elementor-section-height-default\" data-id=\"0c27323\" data-element_type=\"section\">\n\t\t\t\t\t\t<div class=\"elementor-container elementor-column-gap-default\">\n\t\t\t\t\t<div class=\"elementor-column elementor-col-100 elementor-top-column elementor-element elementor-element-8590818\" data-id=\"8590818\" data-element_type=\"column\">\n\t\t\t<div class=\"elementor-widget-wrap elementor-element-populated\">\n\t\t\t\t\t\t<section class=\"elementor-section elementor-inner-section elementor-element elementor-element-d2cc603 elementor-section-boxed elementor-section-height-default elementor-section-height-default\" data-id=\"d2cc603\" data-element_type=\"section\">\n\t\t\t\t\t\t<div class=\"elementor-container elementor-column-gap-default\">\n\t\t\t\t\t<div class=\"elementor-column elementor-col-100 elementor-inner-column elementor-element elementor-element-d842730\" data-id=\"d842730\" data-element_type=\"column\">\n\t\t\t<div class=\"elementor-widget-wrap elementor-element-populated\">\n\t\t\t\t\t\t<div class=\"elementor-element elementor-element-fe5a855 elementor-widget elementor-widget-text-editor\" data-id=\"fe5a855\" data-element_type=\"widget\" data-widget_type=\"text-editor.default\">\n\t\t\t\t<div class=\"elementor-widget-container\">\n\t\t\t\t\t\t\t\t\t<p style=\"text-align: center;\"><strong>Comptable H\/F <\/strong><br \/><strong>CDI \u00e0 80% <\/strong><br \/><strong>Exp\u00e9rience exig\u00e9e <\/strong><br \/><strong>Permis B souhait\u00e9 <\/strong><\/p><p style=\"text-align: center;\"><strong>Description de l&#8217;offre : <\/strong><\/p><p style=\"text-align: center;\">L\u2019association Parcours de Femmes recrute un(e) comptable unique pour prendre en charge la gestion comptable de LESCAL et du Centre Social de La Fray\u00e8re.<\/p><p style=\"text-align: center;\"><strong>Comp\u00e9tences du poste : <\/strong><\/p><p style=\"text-align: center;\">Gestion de la comptabilit\u00e9 multi-sites, suivi des immobilisations et \u00e9laboration du bilan, comptabilit\u00e9 analytique et contr\u00f4le des comptes, travail en grande autonomie<\/p><p style=\"text-align: center;\"><strong>Qualit\u00e9s indispensables :<\/strong><\/p><p style=\"text-align: center;\">Exp\u00e9rience solide en comptabilit\u00e9, id\u00e9alement dans le secteur social <br \/>Gestion bulletin de salaire (DSN), connaissances dans le social <br \/>Ma\u00eetrise des immobilisations et d\u2019analyse financi\u00e8re <br \/>Organisation et autonomie indispensable<br \/>Ma\u00eetrise des budgets pr\u00e9visionnels imp\u00e9rative<br \/>Rigueur <br \/>Disponibilit\u00e9 <br \/>R\u00e9activit\u00e9<\/p><p style=\"text-align: center;\"><span style=\"text-decoration: underline;\"><strong>R\u00e9mun\u00e9ration :<\/strong><\/span> 2 160.59 \u20ac Brut pour 4\/5 de temps soit groupe F <br \/>Indice 350 convention collectives ECLAT <br \/>Reprise d\u2019anciennet\u00e9 sur justificatifs<\/p><p style=\"text-align: center;\"><strong>Lieu de travail :<\/strong> Cannes la Bocca<\/p><p style=\"text-align: center;\">Poste \u00e0 pourvoir imm\u00e9diatement<\/p><p style=\"text-align: center;\">Candidature par mail : <a href=\"mailto:directiongenerale@parcoursfemmes.fr\">directiongenerale@parcoursfemmes.fr<\/a><\/p>\t\t\t\t\t\t\t\t<\/div>\n\t\t\t\t<\/div>\n\t\t\t\t\t<\/div>\n\t\t<\/div>\n\t\t\t\t\t<\/div>\n\t\t<\/section>\n\t\t\t\t\t<\/div>\n\t\t<\/div>\n\t\t\t\t\t<\/div>\n\t\t<\/section>\n\t\t\t\t<section class=\"elementor-section elementor-top-section elementor-element elementor-element-2b68d55 elementor-section-boxed elementor-section-height-default elementor-section-height-default\" data-id=\"2b68d55\" data-element_type=\"section\">\n\t\t\t\t\t\t<div class=\"elementor-container elementor-column-gap-default\">\n\t\t\t\t\t<div class=\"elementor-column elementor-col-100 elementor-top-column elementor-element elementor-element-85234f5\" data-id=\"85234f5\" data-element_type=\"column\">\n\t\t\t<div class=\"elementor-widget-wrap elementor-element-populated\">\n\t\t\t\t\t\t<div class=\"elementor-element elementor-element-fd8034d elementor-widget-divider--view-line elementor-widget elementor-widget-divider\" data-id=\"fd8034d\" data-element_type=\"widget\" data-widget_type=\"divider.default\">\n\t\t\t\t<div class=\"elementor-widget-container\">\n\t\t\t\t\t\t\t<div class=\"elementor-divider\">\n\t\t\t<span class=\"elementor-divider-separator\">\n\t\t\t\t\t\t<\/span>\n\t\t<\/div>\n\t\t\t\t\t\t<\/div>\n\t\t\t\t<\/div>\n\t\t\t\t\t<\/div>\n\t\t<\/div>\n\t\t\t\t\t<\/div>\n\t\t<\/section>\n\t\t\t\t<section class=\"elementor-section elementor-top-section elementor-element elementor-element-6aa2b3e elementor-section-boxed elementor-section-height-default elementor-section-height-default\" data-id=\"6aa2b3e\" data-element_type=\"section\">\n\t\t\t\t\t\t<div class=\"elementor-container elementor-column-gap-default\">\n\t\t\t\t\t<div class=\"elementor-column elementor-col-100 elementor-top-column elementor-element elementor-element-917c8d0\" data-id=\"917c8d0\" data-element_type=\"column\">\n\t\t\t<div class=\"elementor-widget-wrap elementor-element-populated\">\n\t\t\t\t\t\t<div class=\"elementor-element elementor-element-9e2056c elementor-widget elementor-widget-image\" data-id=\"9e2056c\" data-element_type=\"widget\" data-widget_type=\"image.default\">\n\t\t\t\t<div class=\"elementor-widget-container\">\n\t\t\t\t\t\t\t\t\t\t\t\t\t\t\t<img fetchpriority=\"high\" decoding=\"async\" width=\"950\" height=\"674\" src=\"https:\/\/parcoursdefemmes.deltaepsilonconsulting.fr\/wordpress\/wp-content\/uploads\/2023\/04\/Vacances-printemps-centre-social-1024x726.jpg\" class=\"attachment-large size-large wp-image-326\" alt=\"\" srcset=\"https:\/\/parcoursdefemmes.deltaepsilonconsulting.fr\/wordpress\/wp-content\/uploads\/2023\/04\/Vacances-printemps-centre-social-1024x726.jpg 1024w, https:\/\/parcoursdefemmes.deltaepsilonconsulting.fr\/wordpress\/wp-content\/uploads\/2023\/04\/Vacances-printemps-centre-social-300x213.jpg 300w, https:\/\/parcoursdefemmes.deltaepsilonconsulting.fr\/wordpress\/wp-content\/uploads\/2023\/04\/Vacances-printemps-centre-social-768x545.jpg 768w, https:\/\/parcoursdefemmes.deltaepsilonconsulting.fr\/wordpress\/wp-content\/uploads\/2023\/04\/Vacances-printemps-centre-social.jpg 1125w\" sizes=\"100vw\" \/>\t\t\t\t\t\t\t\t\t\t\t\t\t\t\t<\/div>\n\t\t\t\t<\/div>\n\t\t\t\t\t<\/div>\n\t\t<\/div>\n\t\t\t\t\t<\/div>\n\t\t<\/section>\n\t\t\t\t<section class=\"elementor-section elementor-top-section elementor-element elementor-element-cb000c2 elementor-section-boxed elementor-section-height-default elementor-section-height-default\" data-id=\"cb000c2\" data-element_type=\"section\">\n\t\t\t\t\t\t<div class=\"elementor-container elementor-column-gap-default\">\n\t\t\t\t\t<div class=\"elementor-column elementor-col-100 elementor-top-column elementor-element elementor-element-d3c86cb\" data-id=\"d3c86cb\" data-element_type=\"column\">\n\t\t\t<div class=\"elementor-widget-wrap elementor-element-populated\">\n\t\t\t\t\t\t<div class=\"elementor-element elementor-element-b52a435 elementor-widget elementor-widget-heading\" data-id=\"b52a435\" data-element_type=\"widget\" data-widget_type=\"heading.default\">\n\t\t\t\t<div class=\"elementor-widget-container\">\n\t\t\t\t\t<h2 class=\"elementor-heading-title elementor-size-default\">Festival international des Jeux - Cannes<\/h2>\t\t\t\t<\/div>\n\t\t\t\t<\/div>\n\t\t\t\t<div class=\"elementor-element elementor-element-f79ebdc elementor-widget elementor-widget-spacer\" data-id=\"f79ebdc\" data-element_type=\"widget\" data-widget_type=\"spacer.default\">\n\t\t\t\t<div class=\"elementor-widget-container\">\n\t\t\t\t\t\t\t<div class=\"elementor-spacer\">\n\t\t\t<div class=\"elementor-spacer-inner\"><\/div>\n\t\t<\/div>\n\t\t\t\t\t\t<\/div>\n\t\t\t\t<\/div>\n\t\t\t\t\t<\/div>\n\t\t<\/div>\n\t\t\t\t\t<\/div>\n\t\t<\/section>\n\t\t\t\t<section class=\"elementor-section elementor-top-section elementor-element elementor-element-056fe2d elementor-section-boxed elementor-section-height-default elementor-section-height-default\" data-id=\"056fe2d\" data-element_type=\"section\">\n\t\t\t\t\t\t<div class=\"elementor-container elementor-column-gap-default\">\n\t\t\t\t\t<div class=\"elementor-column elementor-col-50 elementor-top-column elementor-element elementor-element-f1cf485\" data-id=\"f1cf485\" data-element_type=\"column\">\n\t\t\t<div class=\"elementor-widget-wrap elementor-element-populated\">\n\t\t\t\t\t\t<div class=\"elementor-element elementor-element-338e138 elementor-widget elementor-widget-image\" data-id=\"338e138\" data-element_type=\"widget\" data-widget_type=\"image.default\">\n\t\t\t\t<div class=\"elementor-widget-container\">\n\t\t\t\t\t\t\t\t\t\t\t\t\t\t\t<img decoding=\"async\" width=\"665\" height=\"887\" src=\"https:\/\/parcoursdefemmes.deltaepsilonconsulting.fr\/wordpress\/wp-content\/uploads\/2023\/03\/FESTIVAL-JEUX-1.jpg\" class=\"attachment-large size-large wp-image-309\" alt=\"\" srcset=\"https:\/\/parcoursdefemmes.deltaepsilonconsulting.fr\/wordpress\/wp-content\/uploads\/2023\/03\/FESTIVAL-JEUX-1.jpg 665w, https:\/\/parcoursdefemmes.deltaepsilonconsulting.fr\/wordpress\/wp-content\/uploads\/2023\/03\/FESTIVAL-JEUX-1-225x300.jpg 225w\" sizes=\"100vw\" \/>\t\t\t\t\t\t\t\t\t\t\t\t\t\t\t<\/div>\n\t\t\t\t<\/div>\n\t\t\t\t\t<\/div>\n\t\t<\/div>\n\t\t\t\t<div class=\"elementor-column elementor-col-50 elementor-top-column elementor-element elementor-element-ffc4887\" data-id=\"ffc4887\" data-element_type=\"column\">\n\t\t\t<div class=\"elementor-widget-wrap elementor-element-populated\">\n\t\t\t\t\t\t<div class=\"elementor-element elementor-element-b32166f elementor-widget elementor-widget-text-editor\" data-id=\"b32166f\" data-element_type=\"widget\" data-widget_type=\"text-editor.default\">\n\t\t\t\t<div class=\"elementor-widget-container\">\n\t\t\t\t\t\t\t\t\t<p>Incontournable rendez-vous annuel \u00e0 Cannes, le Palais des Festivals et des Congr\u00e8s s\u2019est transform\u00e9 fin f\u00e9vrier en un immense plateau de jeu de plus de 45\u00a0000 m\u00b2\u00a0:\u00a0 jeux traditionnels et grands classiques, jeux de soci\u00e9t\u00e9 modernes, jeux vid\u00e9o et r\u00e9alit\u00e9 virtuelle, jeux de simulation, cartes \u00e0 collectionner, jeux de construction, loisirs cr\u00e9atifs et jouets&#8230;<\/p><p>L\u2019association Parcours de Femmes s\u2019y est rendue le vendredi 24 f\u00e9vrier. Trois r\u00e9f\u00e9rentes de LESCAL ont accompagn\u00e9 11 mamans et 14 enfants pour une matin\u00e9e de jeux et de complicit\u00e9. L\u2019\u00e9quipe du centre social de La Fray\u00e8re a pris une soixantaine de personnes sous son aile pour leur faire d\u00e9couvrir l\u2019actualit\u00e9 ludique internationale du monde du jeu.<\/p><p>Nous tenons \u00e0 remercier la marie de Cannes pour les 20 entr\u00e9es offertes, ainsi qu\u2019\u00e0 l\u2019organisateur d\u2019avoir g\u00e9n\u00e9reusement remis 130 exemplaires de livrets de jeux qui b\u00e9n\u00e9ficieront aux enfants suivis \u00e0 LESCAL.<\/p>\t\t\t\t\t\t\t\t<\/div>\n\t\t\t\t<\/div>\n\t\t\t\t\t<\/div>\n\t\t<\/div>\n\t\t\t\t\t<\/div>\n\t\t<\/section>\n\t\t\t\t<section class=\"elementor-section elementor-top-section elementor-element elementor-element-4c2c240 elementor-section-boxed elementor-section-height-default elementor-section-height-default\" data-id=\"4c2c240\" data-element_type=\"section\">\n\t\t\t\t\t\t<div class=\"elementor-container elementor-column-gap-default\">\n\t\t\t\t\t<div class=\"elementor-column elementor-col-100 elementor-top-column elementor-element elementor-element-1c60c35\" data-id=\"1c60c35\" data-element_type=\"column\">\n\t\t\t<div class=\"elementor-widget-wrap elementor-element-populated\">\n\t\t\t\t\t\t<div class=\"elementor-element elementor-element-2576e90 elementor-widget elementor-widget-spacer\" data-id=\"2576e90\" data-element_type=\"widget\" data-widget_type=\"spacer.default\">\n\t\t\t\t<div class=\"elementor-widget-container\">\n\t\t\t\t\t\t\t<div class=\"elementor-spacer\">\n\t\t\t<div class=\"elementor-spacer-inner\"><\/div>\n\t\t<\/div>\n\t\t\t\t\t\t<\/div>\n\t\t\t\t<\/div>\n\t\t\t\t<div class=\"elementor-element elementor-element-267d92e elementor-widget elementor-widget-text-editor\" data-id=\"267d92e\" data-element_type=\"widget\" data-widget_type=\"text-editor.default\">\n\t\t\t\t<div class=\"elementor-widget-container\">\n\t\t\t\t\t\t\t\t\t<p>Le <a href=\"https:\/\/parcoursdefemmes.deltaepsilonconsulting.fr\/wordpress\/index.php\/centre-social-de-la-frayere\/\">Centre social<\/a> propose des activit\u00e9s pour les habitant.e.s du quartier La Fray\u00e8re \u00e0 Cannes. Consultez le programmes des vacances de No\u00ebl.\u00a0<\/p>\t\t\t\t\t\t\t\t<\/div>\n\t\t\t\t<\/div>\n\t\t\t\t\t<\/div>\n\t\t<\/div>\n\t\t\t\t\t<\/div>\n\t\t<\/section>\n\t\t\t\t<section class=\"elementor-section elementor-top-section elementor-element elementor-element-806a0c8 elementor-section-boxed elementor-section-height-default elementor-section-height-default\" data-id=\"806a0c8\" data-element_type=\"section\">\n\t\t\t\t\t\t<div class=\"elementor-container elementor-column-gap-default\">\n\t\t\t\t\t<div class=\"elementor-column elementor-col-100 elementor-top-column elementor-element elementor-element-37b5bea\" data-id=\"37b5bea\" data-element_type=\"column\">\n\t\t\t<div class=\"elementor-widget-wrap elementor-element-populated\">\n\t\t\t\t\t\t<div class=\"elementor-element elementor-element-254a112 elementor-widget elementor-widget-image\" data-id=\"254a112\" data-element_type=\"widget\" data-widget_type=\"image.default\">\n\t\t\t\t<div class=\"elementor-widget-container\">\n\t\t\t\t\t\t\t\t\t\t\t\t\t\t\t<img decoding=\"async\" width=\"887\" height=\"693\" src=\"https:\/\/parcoursdefemmes.deltaepsilonconsulting.fr\/wordpress\/wp-content\/uploads\/2022\/12\/Planning-des-vacances-de-Noel-2022-1-rotated.jpg\" class=\"attachment-large size-large wp-image-196\" alt=\"\" srcset=\"https:\/\/parcoursdefemmes.deltaepsilonconsulting.fr\/wordpress\/wp-content\/uploads\/2022\/12\/Planning-des-vacances-de-Noel-2022-1-rotated.jpg 887w, https:\/\/parcoursdefemmes.deltaepsilonconsulting.fr\/wordpress\/wp-content\/uploads\/2022\/12\/Planning-des-vacances-de-Noel-2022-1-300x234.jpg 300w, https:\/\/parcoursdefemmes.deltaepsilonconsulting.fr\/wordpress\/wp-content\/uploads\/2022\/12\/Planning-des-vacances-de-Noel-2022-1-768x600.jpg 768w\" sizes=\"100vw\" \/>\t\t\t\t\t\t\t\t\t\t\t\t\t\t\t<\/div>\n\t\t\t\t<\/div>\n\t\t\t\t\t<\/div>\n\t\t<\/div>\n\t\t\t\t\t<\/div>\n\t\t<\/section>\n\t\t\t\t<section class=\"elementor-section elementor-top-section elementor-element elementor-element-14f0bd9 elementor-section-boxed elementor-section-height-default elementor-section-height-default\" data-id=\"14f0bd9\" data-element_type=\"section\">\n\t\t\t\t\t\t<div class=\"elementor-container elementor-column-gap-default\">\n\t\t\t\t\t<div class=\"elementor-column elementor-col-100 elementor-top-column elementor-element elementor-element-91dca34\" data-id=\"91dca34\" data-element_type=\"column\">\n\t\t\t<div class=\"elementor-widget-wrap elementor-element-populated\">\n\t\t\t\t\t\t<div class=\"elementor-element elementor-element-9e59259 elementor-widget elementor-widget-spacer\" data-id=\"9e59259\" data-element_type=\"widget\" data-widget_type=\"spacer.default\">\n\t\t\t\t<div class=\"elementor-widget-container\">\n\t\t\t\t\t\t\t<div class=\"elementor-spacer\">\n\t\t\t<div class=\"elementor-spacer-inner\"><\/div>\n\t\t<\/div>\n\t\t\t\t\t\t<\/div>\n\t\t\t\t<\/div>\n\t\t\t\t\t<\/div>\n\t\t<\/div>\n\t\t\t\t\t<\/div>\n\t\t<\/section>\n\t\t\t\t<\/div>\n\t\t","protected":false},"excerpt":{"rendered":"<p>Actualit\u00e9s du Centre social la Fray\u00e8re Actualit\u00e9s du Centre social la Fray\u00e8re Offres d&#8217;emploi Comptable H\/F CDI \u00e0 80% Exp\u00e9rience exig\u00e9e Permis B souhait\u00e9 Description de l&#8217;offre : L\u2019association Parcours de Femmes recrute un(e) comptable unique pour prendre en charge la gestion comptable de LESCAL et du Centre Social de La Fray\u00e8re. Comp\u00e9tences du poste &hellip; <\/p>\n<p class=\"link-more\"><a href=\"https:\/\/parcoursdefemmes.deltaepsilonconsulting.fr\/wordpress\/index.php\/actualite-centre-social\/\" class=\"more-link\">Read more<span class=\"screen-reader-text\"> &#8220;Actualit\u00e9 Centre social&#8221;<\/span><\/a><\/p>\n","protected":false},"author":3,"featured_media":0,"parent":0,"menu_order":0,"comment_status":"closed","ping_status":"closed","template":"","meta":{"om_disable_all_campaigns":false,"_mi_skip_tracking":false,"_monsterinsights_sitenote_active":false,"_monsterinsights_sitenote_note":"","_monsterinsights_sitenote_category":0,"footnotes":""},"aioseo_notices":[],"_links":{"self":[{"href":"https:\/\/parcoursdefemmes.deltaepsilonconsulting.fr\/wordpress\/index.php\/wp-json\/wp\/v2\/pages\/718"}],"collection":[{"href":"https:\/\/parcoursdefemmes.deltaepsilonconsulting.fr\/wordpress\/index.php\/wp-json\/wp\/v2\/pages"}],"about":[{"href":"https:\/\/parcoursdefemmes.deltaepsilonconsulting.fr\/wordpress\/index.php\/wp-json\/wp\/v2\/types\/page"}],"author":[{"embeddable":true,"href":"https:\/\/parcoursdefemmes.deltaepsilonconsulting.fr\/wordpress\/index.php\/wp-json\/wp\/v2\/users\/3"}],"replies":[{"embeddable":true,"href":"https:\/\/parcoursdefemmes.deltaepsilonconsulting.fr\/wordpress\/index.php\/wp-json\/wp\/v2\/comments?post=718"}],"version-history":[{"count":37,"href":"https:\/\/parcoursdefemmes.deltaepsilonconsulting.fr\/wordpress\/index.php\/wp-json\/wp\/v2\/pages\/718\/revisions"}],"predecessor-version":[{"id":1224,"href":"https:\/\/parcoursdefemmes.deltaepsilonconsulting.fr\/wordpress\/index.php\/wp-json\/wp\/v2\/pages\/718\/revisions\/1224"}],"wp:attachment":[{"href":"https:\/\/parcoursdefemmes.deltaepsilonconsulting.fr\/wordpress\/index.php\/wp-json\/wp\/v2\/media?parent=718"}],"curies":[{"name":"wp","href":"https:\/\/api.w.org\/{rel}","templated":true}]}}