{"id":71,"date":"2022-09-04T12:29:40","date_gmt":"2022-09-04T10:29:40","guid":{"rendered":"https:\/\/parcoursdefemmes.deltaepsilonconsulting.fr\/wordpress\/?page_id=71"},"modified":"2023-06-02T16:26:59","modified_gmt":"2023-06-02T14:26:59","slug":"centre-social-de-la-frayere","status":"publish","type":"page","link":"https:\/\/parcoursdefemmes.deltaepsilonconsulting.fr\/wordpress\/index.php\/centre-social-de-la-frayere\/","title":{"rendered":"Centre social de la Fray\u00e8re"},"content":{"rendered":"\t\t<div data-elementor-type=\"wp-page\" data-elementor-id=\"71\" class=\"elementor elementor-71\">\n\t\t\t\t\t\t<section class=\"elementor-section elementor-top-section elementor-element elementor-element-1f5f675 elementor-section-full_width elementor-section-stretched elementor-hidden-desktop elementor-section-height-default elementor-section-height-default\" data-id=\"1f5f675\" data-element_type=\"section\" data-settings=\"{&quot;stretch_section&quot;:&quot;section-stretched&quot;}\">\n\t\t\t\t\t\t<div class=\"elementor-container elementor-column-gap-no\">\n\t\t\t\t\t<div class=\"elementor-column elementor-col-100 elementor-top-column elementor-element elementor-element-0413579\" data-id=\"0413579\" data-element_type=\"column\">\n\t\t\t<div class=\"elementor-widget-wrap elementor-element-populated\">\n\t\t\t\t\t\t<div class=\"elementor-element elementor-element-f5a4c9d elementor-bg-transform elementor-bg-transform-zoom-out elementor-cta--skin-cover elementor-animated-content elementor-widget elementor-widget-call-to-action\" data-id=\"f5a4c9d\" data-element_type=\"widget\" data-widget_type=\"call-to-action.default\">\n\t\t\t\t<div class=\"elementor-widget-container\">\n\t\t\t\t\t\t\t<div class=\"elementor-cta\">\n\t\t\t\t\t<div class=\"elementor-cta__bg-wrapper\">\n\t\t\t\t<div class=\"elementor-cta__bg elementor-bg\" style=\"background-image: url(https:\/\/parcoursdefemmes.deltaepsilonconsulting.fr\/wordpress\/wp-content\/uploads\/2023\/06\/fond-bandeaux.png);\"><\/div>\n\t\t\t\t<div class=\"elementor-cta__bg-overlay\"><\/div>\n\t\t\t<\/div>\n\t\t\t\t\t\t\t<div class=\"elementor-cta__content\">\n\t\t\t\t\n\t\t\t\t<h1 class=\"elementor-cta__title elementor-cta__content-item elementor-content-item elementor-animated-item--grow\">Centre social de la Fray\u00e8re<\/h1>\n\t\t\t\t\n\t\t\t\t\t\t\t<\/div>\n\t\t\t\t\t\t<\/div>\n\t\t\t\t\t\t<\/div>\n\t\t\t\t<\/div>\n\t\t\t\t\t<\/div>\n\t\t<\/div>\n\t\t\t\t\t<\/div>\n\t\t<\/section>\n\t\t\t\t<section class=\"elementor-section elementor-top-section elementor-element elementor-element-ab391c1 elementor-section-full_width elementor-section-stretched elementor-hidden-mobile elementor-section-height-default elementor-section-height-default\" data-id=\"ab391c1\" data-element_type=\"section\" data-settings=\"{&quot;stretch_section&quot;:&quot;section-stretched&quot;}\">\n\t\t\t\t\t\t<div class=\"elementor-container elementor-column-gap-no\">\n\t\t\t\t\t<div class=\"elementor-column elementor-col-100 elementor-top-column elementor-element elementor-element-7020cda\" data-id=\"7020cda\" data-element_type=\"column\">\n\t\t\t<div class=\"elementor-widget-wrap elementor-element-populated\">\n\t\t\t\t\t\t<div class=\"elementor-element elementor-element-f4adea5 elementor-bg-transform elementor-bg-transform-zoom-out elementor-cta--skin-cover elementor-animated-content elementor-widget elementor-widget-call-to-action\" data-id=\"f4adea5\" data-element_type=\"widget\" data-widget_type=\"call-to-action.default\">\n\t\t\t\t<div class=\"elementor-widget-container\">\n\t\t\t\t\t\t\t<div class=\"elementor-cta\">\n\t\t\t\t\t<div class=\"elementor-cta__bg-wrapper\">\n\t\t\t\t<div class=\"elementor-cta__bg elementor-bg\" style=\"background-image: url(https:\/\/parcoursdefemmes.deltaepsilonconsulting.fr\/wordpress\/wp-content\/uploads\/2023\/06\/fond-bandeaux.png);\"><\/div>\n\t\t\t\t<div class=\"elementor-cta__bg-overlay\"><\/div>\n\t\t\t<\/div>\n\t\t\t\t\t\t\t<div class=\"elementor-cta__content\">\n\t\t\t\t\n\t\t\t\t<h1 class=\"elementor-cta__title elementor-cta__content-item elementor-content-item elementor-animated-item--grow\">Centre social de la Fray\u00e8re<\/h1>\n\t\t\t\t\n\t\t\t\t\t\t\t<\/div>\n\t\t\t\t\t\t<\/div>\n\t\t\t\t\t\t<\/div>\n\t\t\t\t<\/div>\n\t\t\t\t\t<\/div>\n\t\t<\/div>\n\t\t\t\t\t<\/div>\n\t\t<\/section>\n\t\t\t\t<section class=\"elementor-section elementor-top-section elementor-element elementor-element-6f37b627 elementor-section-boxed elementor-section-height-default elementor-section-height-default\" data-id=\"6f37b627\" data-element_type=\"section\">\n\t\t\t\t\t\t<div class=\"elementor-container elementor-column-gap-default\">\n\t\t\t\t\t<div class=\"elementor-column elementor-col-33 elementor-top-column elementor-element elementor-element-ee3c848\" data-id=\"ee3c848\" data-element_type=\"column\">\n\t\t\t<div class=\"elementor-widget-wrap\">\n\t\t\t\t\t\t\t<\/div>\n\t\t<\/div>\n\t\t\t\t<div class=\"elementor-column elementor-col-33 elementor-top-column elementor-element elementor-element-4c349a81\" data-id=\"4c349a81\" data-element_type=\"column\">\n\t\t\t<div class=\"elementor-widget-wrap elementor-element-populated\">\n\t\t\t\t\t\t<div class=\"elementor-element elementor-element-1232d04 elementor-hidden-mobile elementor-widget elementor-widget-spacer\" data-id=\"1232d04\" data-element_type=\"widget\" data-widget_type=\"spacer.default\">\n\t\t\t\t<div class=\"elementor-widget-container\">\n\t\t\t\t\t\t\t<div class=\"elementor-spacer\">\n\t\t\t<div class=\"elementor-spacer-inner\"><\/div>\n\t\t<\/div>\n\t\t\t\t\t\t<\/div>\n\t\t\t\t<\/div>\n\t\t\t\t<div class=\"elementor-element elementor-element-9b8a8ee elementor-hidden-mobile elementor-widget elementor-widget-text-editor\" data-id=\"9b8a8ee\" data-element_type=\"widget\" data-widget_type=\"text-editor.default\">\n\t\t\t\t<div class=\"elementor-widget-container\">\n\t\t\t\t\t\t\t\t\t<p><\/p>\n<p>Depuis 2019, Parcours de Femmes g\u00e8re et anime le Centre social du quartier La Fray\u00e8re \u00e0 Cannes.<\/p>\n<p><\/p>\n<p><\/p>\n<p>Le centre social intervient sur le quartier prioritaire de la politique de la ville La&nbsp;Fray\u00e8re qui fait l\u2019objet depuis 2018 d\u2019une r\u00e9novation urbaine de grande ampleur. Dans ce cadre, la Mairie de Cannes a souhait\u00e9 cr\u00e9er une structure afin de dynamiser la vie sociale et les relations entre les habitants du quartier de La Fray\u00e8re. Le Centre Social est devenu un lieu de r\u00e9f\u00e9rence qui fait partie du paysage des habitants.<\/p>\n<p><\/p>\n<p><\/p>\n<h3><span style=\"color: rgb(141, 208, 219);\"><b>A<\/b>ccueil<\/span><\/h3>\n<p><\/p>\n<p><\/p>\n<p>Ecoute, information et orientation<\/p>\n<p><\/p>\n<p><\/p>\n<p>Soutien aux d\u00e9marches<\/p>\n<p><\/p>\n<p><\/p>\n<h3><span style=\"color: #8dd0db;\"><strong>E<\/strong>space num\u00e9rique<\/span><\/h3>\n<p><\/p>\n<p><\/p>\n<h3><span style=\"color: #8dd0db;\"><b>A<\/b>nimation pour tous<\/span><\/h3>\n<p><\/p>\n<p><\/p>\n<p>Animations parents-enfants<\/p>\n<p><\/p>\n<p><\/p>\n<p>Actions \u00ab&nbsp;jeunes&nbsp;\u00bb<\/p>\n<p><\/p>\n<p><\/p>\n<p>Ateliers adultes<\/p>\n<p><\/p>\n<p><\/p>\n<p>Sorties culturelles<\/p>\n<p><\/p>\n<p><\/p>\n<h3><span style=\"color: #8dd0db;\"><b>C<\/b>af\u00e9 des familles<\/span><\/h3>\n<p><\/p>\n<p><\/p>\n<p>Venez passer un moment agr\u00e9able et vous ressourcer autour d\u2019un caf\u00e9<\/p>\n<p><\/p>\n<p><\/p>\n<h3><span style=\"color: #8dd0db;\"><b>A<\/b>telier citoyens<\/span><\/h3>\n<p><\/p>\n<p><\/p>\n<p>Lieu d\u2019initiative port\u00e9 par les habitant.e.s du quartier<\/p>\n<p><\/p>\n<p><\/p>\n<h3><span style=\"color: #8dd0db;\"><b>A<\/b>nimations de quartier<\/span><\/h3>\n<p><\/p>\n<p><\/p>\n<p>Rencontres et \u00e9changes entre les habitants<\/p>\n<p><\/p>\n<p><\/p>\n<p>Moment convivial et de partage<\/p>\n<p><\/p>\n<p><\/p>\n<h3><span style=\"color: #8dd0db;\"><b>L<\/b>&#8216;\u00e9quipe vous attends !<\/span><\/h3>\n<p><\/p>\n<p><\/p>\n<p>Responsable, r\u00e9f\u00e9rent.e accueil, r\u00e9f\u00e9rent.e familles, r\u00e9f\u00e9rent.e jeunesse, animateur.rice.s.<\/p>\n<p><\/p>\t\t\t\t\t\t\t\t<\/div>\n\t\t\t\t<\/div>\n\t\t\t\t<div class=\"elementor-element elementor-element-61344d2 elementor-hidden-desktop elementor-widget elementor-widget-text-editor\" data-id=\"61344d2\" data-element_type=\"widget\" data-widget_type=\"text-editor.default\">\n\t\t\t\t<div class=\"elementor-widget-container\">\n\t\t\t\t\t\t\t\t\t<p><\/p>\n<p>Depuis 2019, Parcours de Femmes g\u00e8re et anime le Centre social du quartier La Fray\u00e8re \u00e0 Cannes.<\/p>\n<p><\/p>\n<p><\/p>\n<p>Le centre social intervient sur le quartier prioritaire de la politique de la ville La&nbsp;Fray\u00e8re qui fait l\u2019objet depuis 2018 d\u2019une r\u00e9novation urbaine de grande ampleur. Dans ce cadre, la Mairie de Cannes a souhait\u00e9 cr\u00e9er une structure afin de dynamiser la vie sociale et les relations entre les habitants du quartier de La Fray\u00e8re. Le Centre Social est devenu un lieu de r\u00e9f\u00e9rence qui fait partie du paysage des habitants.<\/p>\n<p><\/p>\n<p><\/p>\n<h3><span style=\"color: rgb(141, 208, 219); font-size: 20px;\"><b>A<\/b>ccueil<\/span><br><\/h3>\n<p><\/p>\n<p><\/p>\n<p>Ecoute, information et orientation<\/p>\n<p><\/p>\n<p><\/p>\n<p>Soutien aux d\u00e9marches<\/p>\n<p><\/p>\n<p><\/p>\n<h3><span style=\"font-weight: bolder; color: rgb(141, 208, 219); font-size: 20px;\">E<\/span><span style=\"color: rgb(141, 208, 219); font-size: 20px;\">space num\u00e9rique<\/span><br><\/h3>\n<p><\/p>\n<p><\/p>\n<h3><span style=\"color: rgb(141, 208, 219); font-size: 20px;\"><b>A<\/b>nimations pour tous<\/span><br><\/h3>\n<p><\/p>\n<p><\/p>\n<p>Animations parents-enfants<\/p>\n<p><\/p>\n<p><\/p>\n<p>Actions \u00ab&nbsp;jeunes&nbsp;\u00bb<\/p>\n<p><\/p>\n<p><\/p>\n<p>Ateliers adultes<\/p>\n<p><\/p>\n<p><\/p>\n<p>Sorties culturelles<\/p>\n<p><\/p>\n<p><\/p>\n<h3><span style=\"color: rgb(141, 208, 219); font-size: 20px;\"><b>C<\/b>af\u00e9 des familles<\/span><br><\/h3>\n<p><\/p>\n<p><\/p>\n<p>Venez passer un moment agr\u00e9able et vous ressourcer autour d\u2019un caf\u00e9<\/p>\n<p><\/p>\n<p><\/p>\n<h3><font color=\"#8dd0db\"><span style=\"font-size: 20px;\"><b>A<\/b>telier citoyens<\/span><\/font><\/h3>\n<p><\/p>\n<p><\/p>\n<p>Lieu d\u2019initiative port\u00e9 par les habitant.e.s du quartier<\/p>\n<p><\/p>\n<p><\/p>\n<h3><font color=\"#8dd0db\"><span style=\"font-size: 20px;\"><span style=\"font-weight: 700;\">A<\/span>nimations pour tous<\/span><\/font><\/h3>\n<p><\/p>\n<p><\/p>\n<p>Rencontres et \u00e9changes entre les habitants<\/p>\n<p><\/p>\n<p><\/p>\n<p>Moment convivial et de partage<\/p>\n<p><\/p>\n<p><\/p>\n<h3><font color=\"#8dd0db\"><span style=\"font-size: 20px;\"><span style=\"font-weight: 700;\">L<\/span>&#8216;equipe vous attends<\/span><\/font><\/h3>\n<p><\/p>\n<p><\/p>\n<p>Responsable, r\u00e9f\u00e9rent.e accueil, r\u00e9f\u00e9rent.e familles, r\u00e9f\u00e9rent.e jeunesse, animateur.rice.s.<\/p>\n<p><\/p>\t\t\t\t\t\t\t\t<\/div>\n\t\t\t\t<\/div>\n\t\t\t\t\t<\/div>\n\t\t<\/div>\n\t\t\t\t<div class=\"elementor-column elementor-col-33 elementor-top-column elementor-element elementor-element-efcda72\" data-id=\"efcda72\" data-element_type=\"column\">\n\t\t\t<div class=\"elementor-widget-wrap\">\n\t\t\t\t\t\t\t<\/div>\n\t\t<\/div>\n\t\t\t\t\t<\/div>\n\t\t<\/section>\n\t\t\t\t<\/div>\n\t\t","protected":false},"excerpt":{"rendered":"<p>Centre social de la Fray\u00e8re Centre social de la Fray\u00e8re Depuis 2019, Parcours de Femmes g\u00e8re et anime le Centre social du quartier La Fray\u00e8re \u00e0 Cannes. Le centre social intervient sur le quartier prioritaire de la politique de la ville La&nbsp;Fray\u00e8re qui fait l\u2019objet depuis 2018 d\u2019une r\u00e9novation urbaine de grande ampleur. Dans ce &hellip; <\/p>\n<p class=\"link-more\"><a href=\"https:\/\/parcoursdefemmes.deltaepsilonconsulting.fr\/wordpress\/index.php\/centre-social-de-la-frayere\/\" class=\"more-link\">Read more<span class=\"screen-reader-text\"> &#8220;Centre social de la Fray\u00e8re&#8221;<\/span><\/a><\/p>\n","protected":false},"author":1,"featured_media":29,"parent":0,"menu_order":0,"comment_status":"closed","ping_status":"closed","template":"","meta":{"om_disable_all_campaigns":false,"_mi_skip_tracking":false,"_monsterinsights_sitenote_active":false,"_monsterinsights_sitenote_note":"","_monsterinsights_sitenote_category":0,"footnotes":""},"aioseo_notices":[],"_links":{"self":[{"href":"https:\/\/parcoursdefemmes.deltaepsilonconsulting.fr\/wordpress\/index.php\/wp-json\/wp\/v2\/pages\/71"}],"collection":[{"href":"https:\/\/parcoursdefemmes.deltaepsilonconsulting.fr\/wordpress\/index.php\/wp-json\/wp\/v2\/pages"}],"about":[{"href":"https:\/\/parcoursdefemmes.deltaepsilonconsulting.fr\/wordpress\/index.php\/wp-json\/wp\/v2\/types\/page"}],"author":[{"embeddable":true,"href":"https:\/\/parcoursdefemmes.deltaepsilonconsulting.fr\/wordpress\/index.php\/wp-json\/wp\/v2\/users\/1"}],"replies":[{"embeddable":true,"href":"https:\/\/parcoursdefemmes.deltaepsilonconsulting.fr\/wordpress\/index.php\/wp-json\/wp\/v2\/comments?post=71"}],"version-history":[{"count":53,"href":"https:\/\/parcoursdefemmes.deltaepsilonconsulting.fr\/wordpress\/index.php\/wp-json\/wp\/v2\/pages\/71\/revisions"}],"predecessor-version":[{"id":940,"href":"https:\/\/parcoursdefemmes.deltaepsilonconsulting.fr\/wordpress\/index.php\/wp-json\/wp\/v2\/pages\/71\/revisions\/940"}],"wp:featuredmedia":[{"embeddable":true,"href":"https:\/\/parcoursdefemmes.deltaepsilonconsulting.fr\/wordpress\/index.php\/wp-json\/wp\/v2\/media\/29"}],"wp:attachment":[{"href":"https:\/\/parcoursdefemmes.deltaepsilonconsulting.fr\/wordpress\/index.php\/wp-json\/wp\/v2\/media?parent=71"}],"curies":[{"name":"wp","href":"https:\/\/api.w.org\/{rel}","templated":true}]}}