{"id":69,"date":"2022-09-04T12:29:02","date_gmt":"2022-09-04T10:29:02","guid":{"rendered":"https:\/\/parcoursdefemmes.deltaepsilonconsulting.fr\/wordpress\/?page_id=69"},"modified":"2023-06-02T16:06:56","modified_gmt":"2023-06-02T14:06:56","slug":"lescal","status":"publish","type":"page","link":"https:\/\/parcoursdefemmes.deltaepsilonconsulting.fr\/wordpress\/index.php\/lescal\/","title":{"rendered":"LESCAL"},"content":{"rendered":"\t\t<div data-elementor-type=\"wp-page\" data-elementor-id=\"69\" class=\"elementor elementor-69\">\n\t\t\t\t\t\t<section class=\"elementor-section elementor-top-section elementor-element elementor-element-bafd0ab elementor-section-full_width elementor-section-stretched elementor-hidden-mobile elementor-section-height-default elementor-section-height-default\" data-id=\"bafd0ab\" data-element_type=\"section\" data-settings=\"{&quot;stretch_section&quot;:&quot;section-stretched&quot;}\">\n\t\t\t\t\t\t<div class=\"elementor-container elementor-column-gap-no\">\n\t\t\t\t\t<div class=\"elementor-column elementor-col-100 elementor-top-column elementor-element elementor-element-46a09a1\" data-id=\"46a09a1\" data-element_type=\"column\">\n\t\t\t<div class=\"elementor-widget-wrap elementor-element-populated\">\n\t\t\t\t\t\t<div class=\"elementor-element elementor-element-8cee98e elementor-bg-transform elementor-bg-transform-zoom-out elementor-cta--skin-cover elementor-animated-content elementor-widget elementor-widget-call-to-action\" data-id=\"8cee98e\" data-element_type=\"widget\" data-widget_type=\"call-to-action.default\">\n\t\t\t\t<div class=\"elementor-widget-container\">\n\t\t\t\t\t\t\t<div class=\"elementor-cta\">\n\t\t\t\t\t<div class=\"elementor-cta__bg-wrapper\">\n\t\t\t\t<div class=\"elementor-cta__bg elementor-bg\" style=\"background-image: url(https:\/\/parcoursdefemmes.deltaepsilonconsulting.fr\/wordpress\/wp-content\/uploads\/2023\/06\/fond-bandeaux.png);\"><\/div>\n\t\t\t\t<div class=\"elementor-cta__bg-overlay\"><\/div>\n\t\t\t<\/div>\n\t\t\t\t\t\t\t<div class=\"elementor-cta__content\">\n\t\t\t\t\n\t\t\t\t<h1 class=\"elementor-cta__title elementor-cta__content-item elementor-content-item elementor-animated-item--grow\">LESCAL<\/h1>\n\t\t\t\t\n\t\t\t\t\t\t\t<\/div>\n\t\t\t\t\t\t<\/div>\n\t\t\t\t\t\t<\/div>\n\t\t\t\t<\/div>\n\t\t\t\t\t<\/div>\n\t\t<\/div>\n\t\t\t\t\t<\/div>\n\t\t<\/section>\n\t\t\t\t<section class=\"elementor-section elementor-top-section elementor-element elementor-element-652de99 elementor-section-full_width elementor-section-stretched elementor-hidden-desktop elementor-section-height-default elementor-section-height-default\" data-id=\"652de99\" data-element_type=\"section\" data-settings=\"{&quot;stretch_section&quot;:&quot;section-stretched&quot;}\">\n\t\t\t\t\t\t<div class=\"elementor-container elementor-column-gap-no\">\n\t\t\t\t\t<div class=\"elementor-column elementor-col-100 elementor-top-column elementor-element elementor-element-8abd26e\" data-id=\"8abd26e\" data-element_type=\"column\">\n\t\t\t<div class=\"elementor-widget-wrap elementor-element-populated\">\n\t\t\t\t\t\t<div class=\"elementor-element elementor-element-61c2db1 elementor-bg-transform elementor-bg-transform-zoom-out elementor-cta--skin-cover elementor-animated-content elementor-widget elementor-widget-call-to-action\" data-id=\"61c2db1\" data-element_type=\"widget\" data-widget_type=\"call-to-action.default\">\n\t\t\t\t<div class=\"elementor-widget-container\">\n\t\t\t\t\t\t\t<div class=\"elementor-cta\">\n\t\t\t\t\t<div class=\"elementor-cta__bg-wrapper\">\n\t\t\t\t<div class=\"elementor-cta__bg elementor-bg\" style=\"background-image: url(https:\/\/parcoursdefemmes.deltaepsilonconsulting.fr\/wordpress\/wp-content\/uploads\/2023\/06\/fond-bandeaux.png);\"><\/div>\n\t\t\t\t<div class=\"elementor-cta__bg-overlay\"><\/div>\n\t\t\t<\/div>\n\t\t\t\t\t\t\t<div class=\"elementor-cta__content\">\n\t\t\t\t\n\t\t\t\t<h1 class=\"elementor-cta__title elementor-cta__content-item elementor-content-item elementor-animated-item--grow\">LESCAL<\/h1>\n\t\t\t\t\n\t\t\t\t\t\t\t<\/div>\n\t\t\t\t\t\t<\/div>\n\t\t\t\t\t\t<\/div>\n\t\t\t\t<\/div>\n\t\t\t\t\t<\/div>\n\t\t<\/div>\n\t\t\t\t\t<\/div>\n\t\t<\/section>\n\t\t\t\t<section class=\"elementor-section elementor-top-section elementor-element elementor-element-609fda94 elementor-section-boxed elementor-section-height-default elementor-section-height-default\" data-id=\"609fda94\" data-element_type=\"section\">\n\t\t\t\t\t\t<div class=\"elementor-container elementor-column-gap-default\">\n\t\t\t\t\t<div class=\"elementor-column elementor-col-50 elementor-top-column elementor-element elementor-element-18e0ac0\" data-id=\"18e0ac0\" data-element_type=\"column\">\n\t\t\t<div class=\"elementor-widget-wrap elementor-element-populated\">\n\t\t\t\t\t\t<div class=\"elementor-element elementor-element-71a4047 elementor-hidden-mobile elementor-widget elementor-widget-spacer\" data-id=\"71a4047\" data-element_type=\"widget\" data-widget_type=\"spacer.default\">\n\t\t\t\t<div class=\"elementor-widget-container\">\n\t\t\t\t\t\t\t<div class=\"elementor-spacer\">\n\t\t\t<div class=\"elementor-spacer-inner\"><\/div>\n\t\t<\/div>\n\t\t\t\t\t\t<\/div>\n\t\t\t\t<\/div>\n\t\t\t\t<div class=\"elementor-element elementor-element-18bcd15 elementor-hidden-desktop elementor-widget elementor-widget-spacer\" data-id=\"18bcd15\" data-element_type=\"widget\" data-widget_type=\"spacer.default\">\n\t\t\t\t<div class=\"elementor-widget-container\">\n\t\t\t\t\t\t\t<div class=\"elementor-spacer\">\n\t\t\t<div class=\"elementor-spacer-inner\"><\/div>\n\t\t<\/div>\n\t\t\t\t\t\t<\/div>\n\t\t\t\t<\/div>\n\t\t\t\t<div class=\"elementor-element elementor-element-2a4130aa elementor-widget__width-initial elementor-hidden-mobile elementor-widget elementor-widget-text-editor\" data-id=\"2a4130aa\" data-element_type=\"widget\" data-widget_type=\"text-editor.default\">\n\t\t\t\t<div class=\"elementor-widget-container\">\n\t\t\t\t\t\t\t\t\t\n<p><em>Parcours de Femmes<\/em> \u0153uvre depuis 1994 pour lutter contre les violences conjugales et intrafamiliales, pour aider \u00e0 l\u2019insertion sociale et professionnelle, pour accompagner, soutenir.<\/p>\n\n\n\n<p>Un travail consid\u00e9rable est effectu\u00e9 tous les jours par notre \u00e9quipe pluridisciplinaire autour d\u2019accompagnements individualis\u00e9s, de groupes de paroles, de prises en charge d\u2019enfants expos\u00e9s et victimes de violences intrafamiliales, d\u2019accompagnements \u00e0 l\u2019acc\u00e8s \u00e0 l\u2019emploi, dans la revalorisation de l\u2019image et de l\u2019estime de soi, dans la sant\u00e9 et l\u2019alimentation, ou encore dans la gestion de la vie quotidienne avec le soutien \u00e0 la parentalit\u00e9.<\/p>\n\n\n\n<p>LESCAL est un lieu ouvert o\u00f9 les personnes peuvent b\u00e9n\u00e9ficier de l\u2019aide de professionnel.le.s et de b\u00e9n\u00e9voles comp\u00e9tents et attentionn\u00e9s. L\u2019association est, elle-m\u00eame, entour\u00e9e d\u2019un r\u00e9seau partenarial avec d\u2019autres associations, institutions ou collectivit\u00e9s. Ces lieux permettent de faciliter des \u00e9changes d\u2019id\u00e9es, des partages de connaissances, des compl\u00e9ments d\u2019actions, afin de mieux r\u00e9pondre aux besoins de la population.<\/p>\n\n\n\n<p>LESCAL, ce sont des accompagnements individuels et personnalis\u00e9s&nbsp;:<\/p>\n\n\n\n<ul><li>Des habitant.e.s des quartiers prioritaires.<\/li><li>Des personnes victimes de violences conjugales (adultes et enfants).<\/li><li>De personnes \u00e9trang\u00e8res.<\/li><li>De personnes en recherche d\u2019emploi.<\/li><\/ul>\n\n\n\n<p>Des espaces collectifs en lien avec les accompagnements individuels. Ils s\u2019articulent autour des axes suivants&nbsp;:<\/p>\n\n\n\n<ul><li>Image et estime de soi<\/li><li>Gestion de la vie quotidienne et soutien \u00e0 la parentalit\u00e9<\/li><li>Actions sur la citoyennet\u00e9<\/li><li>Actions de lutte contre les violences conjugales<\/li><li>Sant\u00e9 et alimentation<\/li><li>Insertion sociale et professionnelle<\/li><li>S\u00e9ances au potager<\/li><li>Atelier num\u00e9rique<\/li><li>Atelier Emploi<\/li><\/ul>\n\t\t\t\t\t\t\t\t<\/div>\n\t\t\t\t<\/div>\n\t\t\t\t<div class=\"elementor-element elementor-element-5ca0d04 elementor-widget__width-initial elementor-hidden-desktop elementor-widget elementor-widget-text-editor\" data-id=\"5ca0d04\" data-element_type=\"widget\" data-widget_type=\"text-editor.default\">\n\t\t\t\t<div class=\"elementor-widget-container\">\n\t\t\t\t\t\t\t\t\t\n<p><em>Parcours de Femmes<\/em> \u0153uvre depuis 1994 pour lutter contre les violences conjugales et intrafamiliales, pour aider \u00e0 l\u2019insertion sociale et professionnelle, pour accompagner, soutenir.<\/p>\n\n\n\n<p>Un travail consid\u00e9rable est effectu\u00e9 tous les jours par notre \u00e9quipe pluridisciplinaire autour d\u2019accompagnements individualis\u00e9s, de groupes de paroles, de prises en charge d\u2019enfants expos\u00e9s et victimes de violences intrafamiliales, d\u2019accompagnements \u00e0 l\u2019acc\u00e8s \u00e0 l\u2019emploi, dans la revalorisation de l\u2019image et de l\u2019estime de soi, dans la sant\u00e9 et l\u2019alimentation, ou encore dans la gestion de la vie quotidienne avec le soutien \u00e0 la parentalit\u00e9.<\/p>\n\n\n\n<p>LESCAL est un lieu ouvert o\u00f9 les personnes peuvent b\u00e9n\u00e9ficier de l\u2019aide de professionnel.le.s et de b\u00e9n\u00e9voles comp\u00e9tents et attentionn\u00e9s. L\u2019association est, elle-m\u00eame, entour\u00e9e d\u2019un r\u00e9seau partenarial avec d\u2019autres associations, institutions ou collectivit\u00e9s. Ces lieux permettent de faciliter des \u00e9changes d\u2019id\u00e9es, des partages de connaissances, des compl\u00e9ments d\u2019actions, afin de mieux r\u00e9pondre aux besoins de la population.<\/p>\n\n\n\n<p>LESCAL, ce sont des accompagnements individuels et personnalis\u00e9s&nbsp;:<\/p>\n\n\n\n<ul><li>Des habitant.e.s des quartiers prioritaires.<\/li><li>Des personnes victimes de violences conjugales (adultes et enfants).<\/li><li>De personnes \u00e9trang\u00e8res.<\/li><li>De personnes en recherche d\u2019emploi.<\/li><\/ul>\n\n\n\n<p>Des espaces collectifs en lien avec les accompagnements individuels. Ils s\u2019articulent autour des axes suivants&nbsp;:<\/p>\n\n\n\n<ul><li>Image et estime de soi<\/li><li>Gestion de la vie quotidienne et soutien \u00e0 la parentalit\u00e9<\/li><li>Actions sur la citoyennet\u00e9<\/li><li>Actions de lutte contre les violences conjugales<\/li><li>Sant\u00e9 et alimentation<\/li><li>Insertion sociale et professionnelle<\/li><li>S\u00e9ances au potager<\/li><li>Atelier num\u00e9rique<\/li><li>Atelier Emploi<\/li><\/ul>\n\t\t\t\t\t\t\t\t<\/div>\n\t\t\t\t<\/div>\n\t\t\t\t\t<\/div>\n\t\t<\/div>\n\t\t\t\t<div class=\"elementor-column elementor-col-50 elementor-top-column elementor-element elementor-element-8a7b742\" data-id=\"8a7b742\" data-element_type=\"column\">\n\t\t\t<div class=\"elementor-widget-wrap\">\n\t\t\t\t\t\t\t<\/div>\n\t\t<\/div>\n\t\t\t\t\t<\/div>\n\t\t<\/section>\n\t\t\t\t<section class=\"elementor-section elementor-top-section elementor-element elementor-element-4758232 elementor-section-boxed elementor-section-height-default elementor-section-height-default\" data-id=\"4758232\" data-element_type=\"section\">\n\t\t\t\t\t\t<div class=\"elementor-container elementor-column-gap-default\">\n\t\t\t\t\t<div class=\"elementor-column elementor-col-100 elementor-top-column elementor-element elementor-element-a4b21d2\" data-id=\"a4b21d2\" data-element_type=\"column\">\n\t\t\t<div class=\"elementor-widget-wrap elementor-element-populated\">\n\t\t\t\t\t\t<div class=\"elementor-element elementor-element-f7e9025 elementor-widget elementor-widget-spacer\" data-id=\"f7e9025\" data-element_type=\"widget\" data-widget_type=\"spacer.default\">\n\t\t\t\t<div class=\"elementor-widget-container\">\n\t\t\t\t\t\t\t<div class=\"elementor-spacer\">\n\t\t\t<div class=\"elementor-spacer-inner\"><\/div>\n\t\t<\/div>\n\t\t\t\t\t\t<\/div>\n\t\t\t\t<\/div>\n\t\t\t\t\t<\/div>\n\t\t<\/div>\n\t\t\t\t\t<\/div>\n\t\t<\/section>\n\t\t\t\t<\/div>\n\t\t","protected":false},"excerpt":{"rendered":"<p>LESCAL LESCAL Parcours de Femmes \u0153uvre depuis 1994 pour lutter contre les violences conjugales et intrafamiliales, pour aider \u00e0 l\u2019insertion sociale et professionnelle, pour accompagner, soutenir. Un travail consid\u00e9rable est effectu\u00e9 tous les jours par notre \u00e9quipe pluridisciplinaire autour d\u2019accompagnements individualis\u00e9s, de groupes de paroles, de prises en charge d\u2019enfants expos\u00e9s et victimes de violences &hellip; <\/p>\n<p class=\"link-more\"><a href=\"https:\/\/parcoursdefemmes.deltaepsilonconsulting.fr\/wordpress\/index.php\/lescal\/\" class=\"more-link\">Read more<span class=\"screen-reader-text\"> &#8220;LESCAL&#8221;<\/span><\/a><\/p>\n","protected":false},"author":1,"featured_media":29,"parent":0,"menu_order":0,"comment_status":"closed","ping_status":"closed","template":"","meta":{"om_disable_all_campaigns":false,"_mi_skip_tracking":false,"_monsterinsights_sitenote_active":false,"_monsterinsights_sitenote_note":"","_monsterinsights_sitenote_category":0,"footnotes":""},"aioseo_notices":[],"_links":{"self":[{"href":"https:\/\/parcoursdefemmes.deltaepsilonconsulting.fr\/wordpress\/index.php\/wp-json\/wp\/v2\/pages\/69"}],"collection":[{"href":"https:\/\/parcoursdefemmes.deltaepsilonconsulting.fr\/wordpress\/index.php\/wp-json\/wp\/v2\/pages"}],"about":[{"href":"https:\/\/parcoursdefemmes.deltaepsilonconsulting.fr\/wordpress\/index.php\/wp-json\/wp\/v2\/types\/page"}],"author":[{"embeddable":true,"href":"https:\/\/parcoursdefemmes.deltaepsilonconsulting.fr\/wordpress\/index.php\/wp-json\/wp\/v2\/users\/1"}],"replies":[{"embeddable":true,"href":"https:\/\/parcoursdefemmes.deltaepsilonconsulting.fr\/wordpress\/index.php\/wp-json\/wp\/v2\/comments?post=69"}],"version-history":[{"count":97,"href":"https:\/\/parcoursdefemmes.deltaepsilonconsulting.fr\/wordpress\/index.php\/wp-json\/wp\/v2\/pages\/69\/revisions"}],"predecessor-version":[{"id":922,"href":"https:\/\/parcoursdefemmes.deltaepsilonconsulting.fr\/wordpress\/index.php\/wp-json\/wp\/v2\/pages\/69\/revisions\/922"}],"wp:featuredmedia":[{"embeddable":true,"href":"https:\/\/parcoursdefemmes.deltaepsilonconsulting.fr\/wordpress\/index.php\/wp-json\/wp\/v2\/media\/29"}],"wp:attachment":[{"href":"https:\/\/parcoursdefemmes.deltaepsilonconsulting.fr\/wordpress\/index.php\/wp-json\/wp\/v2\/media?parent=69"}],"curies":[{"name":"wp","href":"https:\/\/api.w.org\/{rel}","templated":true}]}}