{"id":62,"date":"2022-09-04T12:22:53","date_gmt":"2022-09-04T10:22:53","guid":{"rendered":"https:\/\/parcoursdefemmes.deltaepsilonconsulting.fr\/wordpress\/?page_id=62"},"modified":"2023-10-03T13:06:10","modified_gmt":"2023-10-03T11:06:10","slug":"une-association-deux-entites","status":"publish","type":"page","link":"https:\/\/parcoursdefemmes.deltaepsilonconsulting.fr\/wordpress\/","title":{"rendered":"Accueil"},"content":{"rendered":"\t\t<div data-elementor-type=\"wp-page\" data-elementor-id=\"62\" class=\"elementor elementor-62\">\n\t\t\t\t\t\t<section class=\"elementor-section elementor-top-section elementor-element elementor-element-9478815 elementor-section-full_width elementor-section-stretched elementor-hidden-mobile elementor-section-height-default elementor-section-height-default\" data-id=\"9478815\" data-element_type=\"section\" data-settings=\"{&quot;stretch_section&quot;:&quot;section-stretched&quot;}\">\n\t\t\t\t\t\t<div class=\"elementor-container elementor-column-gap-no\">\n\t\t\t\t\t<div class=\"elementor-column elementor-col-100 elementor-top-column elementor-element elementor-element-cc2ea94\" data-id=\"cc2ea94\" data-element_type=\"column\">\n\t\t\t<div class=\"elementor-widget-wrap elementor-element-populated\">\n\t\t\t\t\t\t<div class=\"elementor-element elementor-element-0d5a3b4 elementor-cta--layout-image-above elementor-bg-transform elementor-bg-transform-zoom-out elementor-cta--valign-middle elementor-cta--skin-classic elementor-animated-content elementor-widget elementor-widget-call-to-action\" data-id=\"0d5a3b4\" data-element_type=\"widget\" data-widget_type=\"call-to-action.default\">\n\t\t\t\t<div class=\"elementor-widget-container\">\n\t\t\t\t\t\t\t<div class=\"elementor-cta\">\n\t\t\t\t\t<div class=\"elementor-cta__bg-wrapper\">\n\t\t\t\t<div class=\"elementor-cta__bg elementor-bg\" style=\"background-image: url(https:\/\/parcoursdefemmes.deltaepsilonconsulting.fr\/wordpress\/wp-content\/uploads\/2023\/06\/fond-bandeaux.png);\"><\/div>\n\t\t\t\t<div class=\"elementor-cta__bg-overlay\"><\/div>\n\t\t\t<\/div>\n\t\t\t\t\t\t\t<div class=\"elementor-cta__content\">\n\t\t\t\t\n\t\t\t\t<h1 class=\"elementor-cta__title elementor-cta__content-item elementor-content-item\">Parcours de femmes. Une association, Deux entit\u00e9s <\/h1>\n\t\t\t\t\t\t\t\t\t<div class=\"elementor-cta__description elementor-cta__content-item elementor-content-item\">\n\t\t\t\t\t\tLESCAL et Centre social de la Fray\u00e8re\t\t\t\t\t<\/div>\n\t\t\t\t\n\t\t\t\t\t\t\t<\/div>\n\t\t\t\t\t\t<\/div>\n\t\t\t\t\t\t<\/div>\n\t\t\t\t<\/div>\n\t\t\t\t\t<\/div>\n\t\t<\/div>\n\t\t\t\t\t<\/div>\n\t\t<\/section>\n\t\t\t\t<section class=\"elementor-section elementor-top-section elementor-element elementor-element-2b6ea32 elementor-section-full_width elementor-section-stretched elementor-hidden-desktop elementor-section-height-default elementor-section-height-default\" data-id=\"2b6ea32\" data-element_type=\"section\" data-settings=\"{&quot;stretch_section&quot;:&quot;section-stretched&quot;}\">\n\t\t\t\t\t\t<div class=\"elementor-container elementor-column-gap-no\">\n\t\t\t\t\t<div class=\"elementor-column elementor-col-100 elementor-top-column elementor-element elementor-element-fcb3b8c\" data-id=\"fcb3b8c\" data-element_type=\"column\">\n\t\t\t<div class=\"elementor-widget-wrap elementor-element-populated\">\n\t\t\t\t\t\t<div class=\"elementor-element elementor-element-0277cfa elementor-cta--layout-image-above elementor-bg-transform elementor-bg-transform-zoom-out elementor-cta--valign-middle elementor-cta--skin-classic elementor-animated-content elementor-widget elementor-widget-call-to-action\" data-id=\"0277cfa\" data-element_type=\"widget\" data-widget_type=\"call-to-action.default\">\n\t\t\t\t<div class=\"elementor-widget-container\">\n\t\t\t\t\t\t\t<div class=\"elementor-cta\">\n\t\t\t\t\t<div class=\"elementor-cta__bg-wrapper\">\n\t\t\t\t<div class=\"elementor-cta__bg elementor-bg\" style=\"background-image: url(https:\/\/parcoursdefemmes.deltaepsilonconsulting.fr\/wordpress\/wp-content\/uploads\/2023\/06\/fond-bandeaux.png);\"><\/div>\n\t\t\t\t<div class=\"elementor-cta__bg-overlay\"><\/div>\n\t\t\t<\/div>\n\t\t\t\t\t\t\t<div class=\"elementor-cta__content\">\n\t\t\t\t\n\t\t\t\t<h1 class=\"elementor-cta__title elementor-cta__content-item elementor-content-item\">Parcours de femmes. <br>Une association, Deux entit\u00e9s <\/h1>\n\t\t\t\t\t\t\t\t\t<div class=\"elementor-cta__description elementor-cta__content-item elementor-content-item\">\n\t\t\t\t\t\tLESCAL et Centre social de la Fray\u00e8re\t\t\t\t\t<\/div>\n\t\t\t\t\n\t\t\t\t\t\t\t<\/div>\n\t\t\t\t\t\t<\/div>\n\t\t\t\t\t\t<\/div>\n\t\t\t\t<\/div>\n\t\t\t\t\t<\/div>\n\t\t<\/div>\n\t\t\t\t\t<\/div>\n\t\t<\/section>\n\t\t\t\t<section class=\"elementor-section elementor-top-section elementor-element elementor-element-d4a02b1 elementor-section-boxed elementor-section-height-default elementor-section-height-default\" data-id=\"d4a02b1\" data-element_type=\"section\">\n\t\t\t\t\t\t<div class=\"elementor-container elementor-column-gap-default\">\n\t\t\t\t\t<div class=\"elementor-column elementor-col-50 elementor-top-column elementor-element elementor-element-bea363d\" data-id=\"bea363d\" data-element_type=\"column\">\n\t\t\t<div class=\"elementor-widget-wrap elementor-element-populated\">\n\t\t\t\t\t\t<div class=\"elementor-element elementor-element-7442fd2 elementor-widget elementor-widget-spacer\" data-id=\"7442fd2\" data-element_type=\"widget\" data-widget_type=\"spacer.default\">\n\t\t\t\t<div class=\"elementor-widget-container\">\n\t\t\t\t\t\t\t<div class=\"elementor-spacer\">\n\t\t\t<div class=\"elementor-spacer-inner\"><\/div>\n\t\t<\/div>\n\t\t\t\t\t\t<\/div>\n\t\t\t\t<\/div>\n\t\t\t\t<div class=\"elementor-element elementor-element-744851c elementor-hidden-mobile elementor-widget elementor-widget-text-editor\" data-id=\"744851c\" data-element_type=\"widget\" data-widget_type=\"text-editor.default\">\n\t\t\t\t<div class=\"elementor-widget-container\">\n\t\t\t\t\t\t\t\t\t<h1><span style=\"color: #8dd0db;\"><strong>LESCAL<\/strong><\/span><\/h1><p style=\"font-size: var(--wp--preset--font-size--medium) !important;\"><span style=\"color: #8dd0db;\"><strong>L<\/strong>ieu d&#8217;<strong>E<\/strong>coute<\/span><br \/>Des professionnel(les) \u00e0 l&#8217;\u00e9coute<\/p><p style=\"font-size: var(--wp--preset--font-size--medium) !important;\"><span style=\"color: #8dd0db;\">de\u00a0<strong>S<\/strong>olidarit\u00e9<\/span><br \/>Accueil et soutien dans les diff\u00e9rentes d\u00e9marches<\/p><p style=\"font-size: var(--wp--preset--font-size--medium) !important;\"><span style=\"color: #8dd0db;\">de\u00a0<strong>C<\/strong>itoyennet\u00e9<\/span><br \/>Respect de la dignit\u00e9, de la libert\u00e9 et l&#8217;int\u00e9grit\u00e9 des personnes re\u00e7ues<\/p><p style=\"font-size: var(--wp--preset--font-size--medium) !important;\"><span style=\"color: #8dd0db;\">d&#8217;<strong>A<\/strong>ccompagnement<\/span><br \/>Proposition d&#8217;un accompagnement pluridisciplinaire<\/p><p style=\"font-size: var(--wp--preset--font-size--medium) !important;\"><span style=\"color: #8dd0db;\">et de\u00a0<strong>L<\/strong>ien<\/span><br \/>Cr\u00e9ation de lien social<\/p>\t\t\t\t\t\t\t\t<\/div>\n\t\t\t\t<\/div>\n\t\t\t\t<div class=\"elementor-element elementor-element-1c8c6b4 elementor-hidden-desktop elementor-widget elementor-widget-text-editor\" data-id=\"1c8c6b4\" data-element_type=\"widget\" data-widget_type=\"text-editor.default\">\n\t\t\t\t<div class=\"elementor-widget-container\">\n\t\t\t\t\t\t\t\t\t<p><span style=\"color: #8dd0db;\"><strong>LESCAL<\/strong><\/span><\/p>\n<p style=\"font-size: var(--wp--preset--font-size--medium) !important;\"><span style=\"color: #8dd0db;\"><strong>L<\/strong>ieu d&#8217;<strong>E<\/strong>coute<\/span><\/p>\n<p style=\"font-size: var(--wp--preset--font-size--medium) !important;\"><span style=\"font-size: 16px; text-align: start; color: var( --e-global-color-36fe193 );\">Des professionnels a&nbsp; l&#8217;\u00e9coute<\/span><\/p>\n<p style=\"font-size: var(--wp--preset--font-size--medium) !important;\"><span style=\"color: #8dd0db;\">de&nbsp;<strong>S<\/strong>olidarit\u00e9<\/span><\/p>\n<p style=\"font-size: var(--wp--preset--font-size--medium) !important;\"><span style=\"font-size: 16px; text-align: start; color: var( --e-global-color-36fe193 );\">Accueil et soutien dans les diff\u00e9rentes d\u00e9marche<\/span><\/p>\n<p style=\"font-size: var(--wp--preset--font-size--medium) !important;\"><span style=\"color: #8dd0db;\">de&nbsp;<strong>C<\/strong>itoyennet\u00e9<\/span><\/p>\n<p style=\"font-size: var(--wp--preset--font-size--medium) !important;\"><span style=\"font-size: 16px; text-align: start;\">Respect de la dignit\u00e9, de la libert\u00e9 et l&#8217;integrit\u00e9 des personnes re\u00e7ues<\/span><\/p>\n<p style=\"font-size: var(--wp--preset--font-size--medium) !important;\"><span style=\"color: #8dd0db;\">d&#8217;<strong>A<\/strong>ccompagnement<\/span><\/p>\n<h4><span style=\"text-align: start; color: var( --e-global-color-36fe193 );\">Proposition d&#8217;un accompagnement pluridisiplinaire<\/span><br><\/h4>\n<div><span style=\"color: rgb(141, 208, 219); font-size: var(--wp--preset--font-size--medium) ;\">et de&nbsp;<\/span><strong style=\"color: rgb(141, 208, 219); font-size: var(--wp--preset--font-size--medium) ;\">L<\/strong><span style=\"color: rgb(141, 208, 219); font-size: var(--wp--preset--font-size--medium) ;\">ien<\/span><\/div><div><span style=\"font-size: 16px; text-align: start;\">Cr\u00e9ation de lien social<\/span><br><\/div>\t\t\t\t\t\t\t\t<\/div>\n\t\t\t\t<\/div>\n\t\t\t\t\t<\/div>\n\t\t<\/div>\n\t\t\t\t<div class=\"elementor-column elementor-col-50 elementor-top-column elementor-element elementor-element-941ebcc\" data-id=\"941ebcc\" data-element_type=\"column\">\n\t\t\t<div class=\"elementor-widget-wrap elementor-element-populated\">\n\t\t\t\t\t\t<div class=\"elementor-element elementor-element-6956222 elementor-hidden-mobile elementor-widget elementor-widget-spacer\" data-id=\"6956222\" data-element_type=\"widget\" data-widget_type=\"spacer.default\">\n\t\t\t\t<div class=\"elementor-widget-container\">\n\t\t\t\t\t\t\t<div class=\"elementor-spacer\">\n\t\t\t<div class=\"elementor-spacer-inner\"><\/div>\n\t\t<\/div>\n\t\t\t\t\t\t<\/div>\n\t\t\t\t<\/div>\n\t\t\t\t<div class=\"elementor-element elementor-element-46e9e9c elementor-hidden-mobile elementor-widget elementor-widget-text-editor\" data-id=\"46e9e9c\" data-element_type=\"widget\" data-widget_type=\"text-editor.default\">\n\t\t\t\t<div class=\"elementor-widget-container\">\n\t\t\t\t\t\t\t\t\t<h1><span style=\"color: #8dd0db;\"><b>Centre social de la Fray\u00e8re<\/b><\/span><\/h1><p style=\"font-size: var(--wp--preset--font-size--medium) !important;\"><mark style=\"background-color: rgba(0, 0, 0, 0); color: #595a5c;\">Animations de quartier par et pour les habitants du quartier La Fray\u00e8re<\/mark><\/p><ul><li><span style=\"color: #595a5c;\">Accueil<\/span><\/li><li><span style=\"color: #595a5c;\">Espace num\u00e9rique<\/span><\/li><li><span style=\"color: #595a5c;\">Animations pour tous<\/span><\/li><li><span style=\"color: #595a5c;\">Caf\u00e9 des familles<\/span><\/li><li><span style=\"color: #595a5c;\">Ateliers citoyens<\/span><\/li><li><span style=\"color: #595a5c;\">Animations de quartier<\/span><\/li><\/ul>\t\t\t\t\t\t\t\t<\/div>\n\t\t\t\t<\/div>\n\t\t\t\t<div class=\"elementor-element elementor-element-2d2d1e5 elementor-hidden-desktop elementor-widget elementor-widget-text-editor\" data-id=\"2d2d1e5\" data-element_type=\"widget\" data-widget_type=\"text-editor.default\">\n\t\t\t\t<div class=\"elementor-widget-container\">\n\t\t\t\t\t\t\t\t\t<h3><span style=\"color: #8dd0db;\"><b>Centre social de la Fray\u00e8re<\/b><\/span><\/h3>\n<div>\n<p><mark style=\"background-color: rgba(0, 0, 0, 0); color: #595a5c;\"><\/mark><\/p>\n<h4><span style=\"color: var( --e-global-color-36fe193 );\">Animations de quartier par et pour les habitants du quartier la Fray\u00e8re<\/span><\/h4>\n<p><\/p>\n<\/div>\n<ul>\n<li><span style=\"color: #595a5c;\">Accueil<\/span><\/li>\n<li><span style=\"color: #595a5c;\">Espace num\u00e9rique<\/span><\/li>\n<li><span style=\"color: #595a5c;\">Animations pour tous<\/span><\/li>\n<li><span style=\"color: #595a5c;\">Caf\u00e9 des familles<\/span><\/li>\n<li><span style=\"color: #595a5c;\">Ateliers citoyens<\/span><\/li>\n<li><span style=\"color: #595a5c;\">Animations de quartier<\/span><\/li>\n<\/ul>\t\t\t\t\t\t\t\t<\/div>\n\t\t\t\t<\/div>\n\t\t\t\t<div class=\"elementor-element elementor-element-3278a33 elementor-widget elementor-widget-spacer\" data-id=\"3278a33\" data-element_type=\"widget\" data-widget_type=\"spacer.default\">\n\t\t\t\t<div class=\"elementor-widget-container\">\n\t\t\t\t\t\t\t<div class=\"elementor-spacer\">\n\t\t\t<div class=\"elementor-spacer-inner\"><\/div>\n\t\t<\/div>\n\t\t\t\t\t\t<\/div>\n\t\t\t\t<\/div>\n\t\t\t\t\t<\/div>\n\t\t<\/div>\n\t\t\t\t\t<\/div>\n\t\t<\/section>\n\t\t\t\t<\/div>\n\t\t","protected":false},"excerpt":{"rendered":"<p>Parcours de femmes. Une association, Deux entit\u00e9s LESCAL et Centre social de la Fray\u00e8re Parcours de femmes. Une association, Deux entit\u00e9s LESCAL et Centre social de la Fray\u00e8re LESCAL Lieu d&#8217;EcouteDes professionnel(les) \u00e0 l&#8217;\u00e9coute de\u00a0Solidarit\u00e9Accueil et soutien dans les diff\u00e9rentes d\u00e9marches de\u00a0Citoyennet\u00e9Respect de la dignit\u00e9, de la libert\u00e9 et l&#8217;int\u00e9grit\u00e9 des personnes re\u00e7ues d&#8217;AccompagnementProposition d&#8217;un &hellip; <\/p>\n<p class=\"link-more\"><a href=\"https:\/\/parcoursdefemmes.deltaepsilonconsulting.fr\/wordpress\/\" class=\"more-link\">Read more<span class=\"screen-reader-text\"> &#8220;Accueil&#8221;<\/span><\/a><\/p>\n","protected":false},"author":1,"featured_media":0,"parent":0,"menu_order":0,"comment_status":"closed","ping_status":"closed","template":"","meta":{"om_disable_all_campaigns":false,"_mi_skip_tracking":false,"_monsterinsights_sitenote_active":false,"_monsterinsights_sitenote_note":"","_monsterinsights_sitenote_category":0,"footnotes":""},"aioseo_notices":[],"_links":{"self":[{"href":"https:\/\/parcoursdefemmes.deltaepsilonconsulting.fr\/wordpress\/index.php\/wp-json\/wp\/v2\/pages\/62"}],"collection":[{"href":"https:\/\/parcoursdefemmes.deltaepsilonconsulting.fr\/wordpress\/index.php\/wp-json\/wp\/v2\/pages"}],"about":[{"href":"https:\/\/parcoursdefemmes.deltaepsilonconsulting.fr\/wordpress\/index.php\/wp-json\/wp\/v2\/types\/page"}],"author":[{"embeddable":true,"href":"https:\/\/parcoursdefemmes.deltaepsilonconsulting.fr\/wordpress\/index.php\/wp-json\/wp\/v2\/users\/1"}],"replies":[{"embeddable":true,"href":"https:\/\/parcoursdefemmes.deltaepsilonconsulting.fr\/wordpress\/index.php\/wp-json\/wp\/v2\/comments?post=62"}],"version-history":[{"count":142,"href":"https:\/\/parcoursdefemmes.deltaepsilonconsulting.fr\/wordpress\/index.php\/wp-json\/wp\/v2\/pages\/62\/revisions"}],"predecessor-version":[{"id":1177,"href":"https:\/\/parcoursdefemmes.deltaepsilonconsulting.fr\/wordpress\/index.php\/wp-json\/wp\/v2\/pages\/62\/revisions\/1177"}],"wp:attachment":[{"href":"https:\/\/parcoursdefemmes.deltaepsilonconsulting.fr\/wordpress\/index.php\/wp-json\/wp\/v2\/media?parent=62"}],"curies":[{"name":"wp","href":"https:\/\/api.w.org\/{rel}","templated":true}]}}